{"id":4223,"date":"2016-03-17T10:44:27","date_gmt":"2016-03-17T10:44:27","guid":{"rendered":"https:\/\/mimofestival.com\/saopaulo2023\/?page_id=4223"},"modified":"2023-05-14T10:30:42","modified_gmt":"2023-05-14T13:30:42","slug":"inicio","status":"publish","type":"page","link":"https:\/\/mimofestival.com\/saopaulo2023\/","title":{"rendered":"In\u00edcio"},"content":{"rendered":"<p>[vc_row iron_row_type=&#8221;full_width&#8221; iron_remove_padding_medium=&#8221;tabletnopadding&#8221; iron_remove_padding_small=&#8221;mobilenopadding&#8221; css=&#8221;.vc_custom_1682296342823{background-color: #ffffff !important;}&#8221; el_class=&#8221;main-content&#8221;][vc_column][vc_column_text el_class=&#8221;colored&#8221;]<\/p>\n<h2><span style=\"color: #fff;\">programa\u00e7\u00e3o completa<\/span><\/h2>\n<h4><a href=\"https:\/\/mimofestival.com\/saopaulo2023\/sp-download-programacao-completa\/\" target=\"_blank\" rel=\"noopener\"><span style=\"color: #ffffff;\">baixe aqui em pdf<\/span><\/a><\/h4>\n<p>[\/vc_column_text][vc_column_text el_class=&#8221;colored hidden&#8221;]<span style=\"color: #ffd600;\">PAULINHO DA VIOLA<\/span><\/p>\n<p><span style=\"color: #ffffff;\">LAKECIA BENJAMIN \u2022<\/span><span style=\"color: #ff4438;\">JUPITER &amp; OKWESS<\/span><\/p>\n<p><span style=\"color: #3bd4ae;\">ARNALDO ANTUNES + VITOR ARA\u00daJO<\/span><\/p>\n<p><span style=\"color: #ffffff;\">LUCINHA TURNBULL \u2022 <\/span><span style=\"color: #ffd600;\">DON LETTS DJ SET<\/span><\/p>\n<p><span style=\"color: #e81f76;\">NICO SORIN PIAZZOLLA ELECTR\u00f3NICO<\/span><\/p>\n<p><span style=\"color: #1ecad3;\">KIKO DINUCCI &#8211; part. JU\u00c7ARA MAR\u00c7AL<\/span><\/p>\n<p><span style=\"color: #ff4438;\">PRINCE FATTY CONVIDA MONKEY JHAYAM &amp; SHNIECE<\/span><\/p>\n<p><span style=\"color: #ffffff;\">DJ MARINA LOPES (samba do sol)<\/span><\/p>\n<p><span style=\"color: #ffd600;\">MARIO LUCIO &amp; OS KRIOLS<\/span><\/p>\n<p><span style=\"color: #3bd4ae;\">MANUEL DE OLIVEIRA<\/span>[\/vc_column_text][vc_empty_space height=&#8221;50px&#8221;][vc_column_text el_class=&#8221;colored programacao&#8221;]<span class=\"d-block\" style=\"color: #ffd600;\">shows<\/span>[\/vc_column_text][vc_column_text el_class=&#8221;colored programacao&#8221;]<span style=\"color: #ffffff;\">12.05 sexta<\/span>[\/vc_column_text][vc_column_text el_class=&#8221;programacao&#8221;]<a href=\"https:\/\/mimofestival.com\/saopaulo2023\/artista\/manuel-de-olivera\/\"><span class=\"h\">18H<\/span><span class=\"local\">arena B3<\/span><span class=\"atracao\">MANUEL DE OLIVEIRA <i>Portugal<\/i><\/span><\/a>[\/vc_column_text][vc_column_text el_class=&#8221;programacao&#8221;]<a href=\"https:\/\/mimofestival.com\/saopaulo2023\/artista\/piazzolla-octeto-eletronico-por-nico-sorin\/\"><span class=\"h\">21H<\/span><span class=\"local\">MASP \u2013 GRANDE AUDIT\u00d3RIO<\/span><span class=\"atracao\">NICO SORIN PIAZZOLLA ELECTR\u00f3NICO <i>Argentina<\/i><\/span><\/a>[\/vc_column_text][vc_column_text el_class=&#8221;colored programacao&#8221;]<span style=\"color: #ffffff;\">13.05 s\u00e1bado<\/span>[\/vc_column_text][vc_column_text el_class=&#8221;programacao&#8221;]<a href=\"https:\/\/mimofestival.com\/saopaulo2023\/artista\/kiko-dinucci\/\"><span class=\"h\">12H<\/span><span class=\"local\">arena b3<\/span><span class=\"atracao\">Kiko Dinucci &#8211; part. JU\u00c7ARA MAR\u00c7AL <i>Brasil<\/i><\/span><\/a>[\/vc_column_text][vc_column_text el_class=&#8221;programacao&#8221;]<a href=\"https:\/\/mimofestival.com\/saopaulo2023\/artista\/marina-lopes\/\"><span class=\"h\">14H30<\/span><span class=\"local\">PARQUE VILLA-LOBOS<\/span><span class=\"atracao\">dj marina lopes <i>Brasil<\/i><\/span><\/a>[\/vc_column_text][vc_column_text el_class=&#8221;programacao&#8221;]<a href=\"https:\/\/mimofestival.com\/saopaulo2023\/artista\/arnaldo-antunes-vitor-araujo\/\"><span class=\"h\">15H<\/span><span class=\"local\">PARQUE VILLA-LOBOS<\/span><span class=\"atracao\">ARNALDO ANTUNES + VITOR ARA\u00daJO <i>Brasil<\/i><\/span><\/a>[\/vc_column_text][vc_column_text el_class=&#8221;programacao&#8221;]<a href=\"https:\/\/mimofestival.com\/saopaulo2023\/artista\/prince-fatty-shniece-mcmenamin-convidam-monkey-jhayam\/\"><span class=\"h\">16H30<\/span><span class=\"local\">PARQUE VILLA-LOBOS<\/span><span class=\"atracao\">PRINCE FATTY CONVIDA MONKEY JHAYAM &amp; SHNIECE <i>BRASIL\/INGLATERRA<\/i><\/span><\/a>[\/vc_column_text][vc_column_text el_class=&#8221;programacao&#8221;]<a href=\"https:\/\/mimofestival.com\/saopaulo2023\/artista\/lakecia-benjamin\/\"><span class=\"h\">18H<\/span><span class=\"local\">PARQUE VILLA-LOBOS<\/span><span class=\"atracao\">LAKECIA BENJAMIN <i>EUA<\/i><\/span><\/a>[\/vc_column_text][vc_column_text el_class=&#8221;programacao&#8221;]<a href=\"https:\/\/mimofestival.com\/saopaulo2023\/artista\/don-letts\/\"><span class=\"h\">19H<\/span><span class=\"local\">PARQUE VILLA-LOBOS<\/span><span class=\"atracao\">don letts dj set <i>Inglaterra<\/i><\/span><\/a>[\/vc_column_text][vc_column_text el_class=&#8221;programacao&#8221;]<a href=\"https:\/\/mimofestival.com\/saopaulo2023\/artista\/jupiter-okwess\/\"><span class=\"h\">20H30<\/span><span class=\"local\">PARQUE VILLA-LOBOS<\/span><span class=\"atracao\">jupiter &amp; okwess <i>congo<\/i><\/span><\/a>[\/vc_column_text][vc_column_text el_class=&#8221;colored programacao&#8221;]<span style=\"color: #ffffff;\">14.05 domingo<\/span>[\/vc_column_text][vc_column_text el_class=&#8221;programacao&#8221;]<a href=\"https:\/\/mimofestival.com\/saopaulo2023\/artista\/marina-lopes\/\"><span class=\"h\">14H30<\/span><span class=\"local\">PARQUE VILLA-LOBOS<\/span><span class=\"atracao\">dj marina lopes <i>brasil<\/i><\/span><\/a>[\/vc_column_text][vc_column_text el_class=&#8221;programacao&#8221;]<a href=\"https:\/\/mimofestival.com\/saopaulo2023\/artista\/lucinha-turnbull\/\"><span class=\"h\">15H30<\/span><span class=\"local\">PARQUE VILLA-LOBOS<\/span><span class=\"atracao\">lucinha turnbull <i>brasil<\/i><\/span><\/a>[\/vc_column_text][vc_column_text el_class=&#8221;programacao&#8221;]<a href=\"https:\/\/mimofestival.com\/saopaulo2023\/artista\/mario-lucio-os-kriols\/\"><span class=\"h\">17H<\/span><span class=\"local\">PARQUE VILLA-LOBOS<\/span><span class=\"atracao\">mario lucio &amp; os kriols <i>Cabo Verde\/Portugal<\/i><\/span><\/a>[\/vc_column_text][vc_column_text el_class=&#8221;programacao&#8221;]<a href=\"https:\/\/mimofestival.com\/saopaulo2023\/artista\/paulinho-da-viola\/\"><span class=\"h\">18H30<\/span><span class=\"local\">PARQUE VILLA-LOBOS<\/span><span class=\"atracao\">PAULINHO DA VIOLA <i>brasil<\/i><\/span><\/a>[\/vc_column_text][vc_empty_space height=&#8221;50px&#8221;][vc_column_text el_class=&#8221;colored programacao&#8221;]<span class=\"d-block\" style=\"color: #3bd4ae;\">Workshops<\/span>[\/vc_column_text][vc_column_text el_class=&#8221;observacao programacao&#8221;]As inscri\u00e7\u00f5es para o programa educativo devem ser feitas antecipadamente pelo e-mail <a href=\"mailto:educativo@mimofestival.com\">educativo@mimofestival.com<\/a>, indicando o workshop de interesse no t\u00edtulo.<br \/>\nAs aulas est\u00e3o sujeitas \u00e0 capacidade de atendimento e \u00e0 lota\u00e7\u00e3o dos espa\u00e7os de realiza\u00e7\u00e3o.[\/vc_column_text][vc_column_text el_class=&#8221;colored programacao&#8221;]<span style=\"color: #ffffff;\">12.05 sexta<\/span>[\/vc_column_text][vc_column_text el_class=&#8221;programacao&#8221;]<a href=\"https:\/\/mimofestival.com\/saopaulo2023\/forum\/explorando-as-origens-do-dub\/\"><span class=\"h\">14H<\/span><span class=\"local\">MASP &#8211; GRANDE AUDIT\u00d3RIO<\/span><span class=\"atracao\">PRINCE FATTY <i>inglaterra<\/i><\/span><span class=\"titulo\" style=\"color: #39bb9d;\">EXPLORANDO AS ORIGENS DO DUB<\/span><\/a>[\/vc_column_text][vc_column_text el_class=&#8221;colored programacao&#8221;]<span style=\"color: #ffffff;\">13.05 s\u00e1bado<\/span>[\/vc_column_text][vc_column_text el_class=&#8221;programacao&#8221;]<a href=\"https:\/\/mimofestival.com\/saopaulo2023\/forum\/guitarra-iberica\/\"><span class=\"h\">10H<\/span><span class=\"local\">MASP &#8211; PEQUENO AUDIT\u00d3RIO<\/span><span class=\"atracao\">MANUEL DE OLIVEIRA <i>portugal<\/i><\/span><span class=\"titulo\" style=\"color: #39bb9d;\">GUITARRA IB\u00c9RICA &#8211; TERRIT\u00d3RIO, IDENTIDADE E INOVA\u00c7\u00c3O<\/span><\/a>[\/vc_column_text][vc_column_text el_class=&#8221;programacao&#8221;]<a href=\"https:\/\/mimofestival.com\/saopaulo2023\/forum\/o-desafio-de-adaptar\/\"><span class=\"h\">16H30<\/span><span class=\"local\">MASP &#8211; PEQUENO AUDIT\u00d3RIO<\/span><span class=\"atracao\">NICO SORIN <i>argentina<\/i><\/span><span class=\"titulo\" style=\"color: #39bb9d;\">O DESAFIO DE ADAPTAR A OBRA DE ASTOR PIAZZOLLA PARA DIFERENTES CONJUNTOS INSTRUMENTAIS<\/span><\/a>[\/vc_column_text][vc_column_text el_class=&#8221;colored programacao&#8221;]<span style=\"color: #ffffff;\">14.05 domingo<\/span>[\/vc_column_text][vc_column_text el_class=&#8221;programacao&#8221;]<a href=\"https:\/\/mimofestival.com\/saopaulo2023\/forum\/um-retrato-do-novo-jazz\/\"><span class=\"h\">14H<\/span><span class=\"local\">MASP &#8211; PEQUENO AUDIT\u00d3RIO<\/span><span class=\"atracao\">LAKECIA BENJAMIN <i>eua<\/i><\/span><span class=\"titulo\" style=\"color: #39bb9d;\">UM RETRATO DO NOVO JAZZ<\/span><\/a>[\/vc_column_text][vc_empty_space height=&#8221;50px&#8221;][vc_column_text el_class=&#8221;colored programacao&#8221;]<span class=\"d-block\" style=\"color: #ff4438;\">F\u00f3rum de ideias<\/span>[\/vc_column_text][vc_column_text]<strong>MEDIADOR: LUIZ THUNDERBIRD<\/strong>[\/vc_column_text][vc_column_text el_class=&#8221;colored programacao&#8221;]<span style=\"color: #ffffff;\">12.05 sexta<\/span>[\/vc_column_text][vc_column_text el_class=&#8221;programacao&#8221;]<a href=\"https:\/\/mimofestival.com\/saopaulo2023\/forum\/migrantes-de-ontem-e-de-hoje\/\"><span class=\"h\">16H<\/span><span class=\"local\">MASP &#8211; GRANDE AUDIT\u00d3RIO<\/span><span class=\"atracao\">MARIO LUCIO &amp; JUPITER <i>cABO VERDE\/CONGO<\/i><\/span><span class=\"titulo\" style=\"color: #ff4438;\">MIGRANTES DE ONTEM E DE HOJE<\/span><\/a>[\/vc_column_text][vc_column_text el_class=&#8221;colored programacao&#8221;]<span style=\"color: #ffffff;\">13.05 s\u00e1bado<\/span>[\/vc_column_text][vc_column_text el_class=&#8221;programacao&#8221;]<a href=\"https:\/\/mimofestival.com\/saopaulo2023\/forum\/a-mulher-nesse-tal-de-rock-and-roll\/\"><span class=\"h\">15H<\/span><span class=\"local\">MASP &#8211; PEQUENO AUDIT\u00d3RIO<\/span><span class=\"atracao\">LUCINHA TURNBULL <i>brasil<\/i><\/span><span class=\"titulo\" style=\"color: #ff4438;\">A MULHER NESSE TAL DE ROCK AND ROLL<\/span><\/a>[\/vc_column_text][vc_column_text el_class=&#8221;colored programacao&#8221;]<span style=\"color: #ffffff;\">14.05 domingo<\/span>[\/vc_column_text][vc_column_text el_class=&#8221;programacao&#8221;]<a href=\"https:\/\/mimofestival.com\/saopaulo2023\/forum\/o-rebel-dread\/\"><span class=\"h\">16H30<\/span><span class=\"local\">CENTRO CULTURAL S\u00c3O PAULO &#8211; SALA PAULO EM\u00cdLIO<\/span><span class=\"atracao\">DON LETTS <i>INGLATERRA<\/i><\/span><span class=\"titulo\" style=\"color: #ff4438;\">O REBEL DREAD<\/span><\/a>[\/vc_column_text][vc_empty_space height=&#8221;50px&#8221;][vc_column_text el_class=&#8221;colored programacao&#8221;]<span class=\"d-block\" style=\"color: #1ecad3;\">MOSTRA DE CINEMA<\/span>[\/vc_column_text][vc_column_text]CENTRO CULTURAL S\u00c3O PAULO &#8211; SALA PAULO EM\u00cdLIO[\/vc_column_text][vc_column_text el_class=&#8221;colored programacao&#8221;]<span style=\"color: #ffffff;\">12.05 sexta<\/span>[\/vc_column_text][vc_column_text el_class=&#8221;programacao&#8221;]<a href=\"https:\/\/mimofestival.com\/saopaulo2023\/filme\/as-divas-de-taguerabt\/\"><span class=\"h\">17H<\/span><span class=\"filme\">AS DIVAS DE TAGUERABT<\/span><span class=\"titulo\" style=\"color: #1ecad3;\"><strong>DIRE\u00c7\u00c3O: KARIM MOUSSAOUI<\/strong><\/span><span class=\"titulo\" style=\"color: #1ecad3;\">DOC | 15MIN | 2020 | LIVRE | FRAN\u00c7A<\/span><\/a>[\/vc_column_text][vc_column_text el_class=&#8221;programacao&#8221;]<a href=\"https:\/\/mimofestival.com\/saopaulo2023\/filme\/africa-mia\/\"><span class=\"h\">\u00a0<\/span><span class=\"filme\">AFRICA MIA<\/span><span class=\"titulo\" style=\"color: #1ecad3;\"><strong>DIRE\u00c7\u00c3O: RICHARD MINIER E \u00c9DOUARD SALIER<\/strong><\/span><span class=\"titulo\" style=\"color: #1ecad3;\">DOC | 1H21 | 2019 | LIVRE | FRAN\u00c7A<\/span><\/a>[\/vc_column_text][vc_column_text el_class=&#8221;programacao&#8221;]<a href=\"https:\/\/mimofestival.com\/saopaulo2023\/filme\/e-doxum-a-forca-que-mora-nagua\/\"><span class=\"h\">19H<\/span><span class=\"filme\">\u00c9 D\u2019OXUM \u2013 A FOR\u00c7A QUE MORA N\u2019\u00c1GUA<\/span><span class=\"titulo\" style=\"color: #1ecad3;\"><strong>DIRE\u00c7\u00c3O: DAYANE SENA<\/strong><\/span><span class=\"titulo\" style=\"color: #1ecad3;\">DOC | 26MIN | 2023 | LIVRE | BRASIL\/BA<\/span><\/a>[\/vc_column_text][vc_column_text el_class=&#8221;programacao&#8221;]<a href=\"https:\/\/mimofestival.com\/saopaulo2023\/filme\/manguebit\/\"><span class=\"h\">\u00a0<\/span><span class=\"filme\">MANGUEBIT<\/span><span class=\"titulo\" style=\"color: #1ecad3;\"><strong>DIRE\u00c7\u00c3O JURA CAPELA<\/strong><\/span><span class=\"titulo\" style=\"color: #1ecad3;\">DOC | 1H41 | 2022 | 12 ANOS | BRASIL\/PE<\/span><\/a>[\/vc_column_text][vc_column_text el_class=&#8221;colored programacao&#8221;]<span style=\"color: #ffffff;\">13.05 s\u00e1bado<\/span>[\/vc_column_text][vc_column_text el_class=&#8221;programacao&#8221;]<a href=\"https:\/\/mimofestival.com\/saopaulo2023\/filme\/fantasma-neon\/\"><span class=\"h\">15H<\/span><span class=\"filme\">FANTASMA NEON<\/span><span class=\"titulo\" style=\"color: #1ecad3;\"><strong>DIRE\u00c7\u00c3O: LEONARDO MARTINELLI<\/strong><\/span><span class=\"titulo\" style=\"color: #1ecad3;\">FIC | 20MIN | 2021 | 12 ANOS | BRASIL\/RJ<\/span><\/a>[\/vc_column_text][vc_column_text el_class=&#8221;programacao&#8221;]<a href=\"https:\/\/mimofestival.com\/saopaulo2023\/filme\/alan\/\"><span class=\"h\">\u00a0<\/span><span class=\"filme\">ALAN<\/span><span class=\"titulo\" style=\"color: #1ecad3;\"><strong>DIRE\u00c7\u00c3O: DANIEL LISBOA E DIEGO LISBOA<\/strong><\/span><span class=\"titulo\" style=\"color: #1ecad3;\">DOC | 1H32 | 2022 | 16 ANOS | BRASIL\/BA<\/span><\/a>[\/vc_column_text][vc_column_text el_class=&#8221;programacao&#8221;]<a href=\"https:\/\/mimofestival.com\/saopaulo2023\/filme\/manha-de-domingo\/\"><span class=\"h\">17H<\/span><span class=\"filme\">MANH\u00c3 DE DOMINGO<\/span><span class=\"titulo\" style=\"color: #1ecad3;\"><strong>DIRE\u00c7\u00c3O: BRUNO RIBEIRO<\/strong><\/span><span class=\"titulo\" style=\"color: #1ecad3;\">FIC | 25MIN | 2022 | LIVRE | BRASIL\/RJ<\/span><\/a>[\/vc_column_text][vc_column_text el_class=&#8221;programacao&#8221;]<a href=\"https:\/\/mimofestival.com\/saopaulo2023\/filme\/dom-salvador-abolicao\/\"><span class=\"h\">\u00a0<\/span><span class=\"filme\">DOM SALVADOR &amp; ABOLI\u00c7\u00c3O<\/span><span class=\"titulo\" style=\"color: #1ecad3;\"><strong>DIRE\u00c7\u00c3O: ARTUR RATTON KUMMER E LILKA HARA<\/strong><\/span><span class=\"titulo\" style=\"color: #1ecad3;\">DOC | 1H28 | 2020 | LIVRE | BRASIL\/EUA<\/span><\/a>[\/vc_column_text][vc_column_text el_class=&#8221;programacao&#8221;]<a href=\"https:\/\/mimofestival.com\/saopaulo2023\/filme\/letrux-viver-e-um-frenesi\/\"><span class=\"h\">19H<\/span><span class=\"filme\">LETRUX: VIVER \u00c9 UM FRENESI<\/span><span class=\"titulo\" style=\"color: #1ecad3;\"><strong>DIRE\u00c7\u00c3O: MARCIO DEBELLIAN<\/strong><\/span><span class=\"titulo\" style=\"color: #1ecad3;\">DOC | 35MIN | 2023 | 10 ANOS | BRASIL\/RJ<\/span><\/a>[\/vc_column_text][vc_column_text el_class=&#8221;programacao&#8221;]<a href=\"https:\/\/mimofestival.com\/saopaulo2023\/filme\/aquilo-que-eu-nunca-perdi\/\"><span class=\"h\">\u00a0<\/span><span class=\"filme\">AQUILO QUE EU NUNCA PERDI<\/span><span class=\"titulo\" style=\"color: #1ecad3;\"><strong>DIRE\u00c7\u00c3O: MARINA THOM\u00c9<\/strong><\/span><span class=\"titulo\" style=\"color: #1ecad3;\">DOC | 1H24 | 2021 | 12 ANOS | BRASIL\/SP<\/span><\/a>[\/vc_column_text][vc_column_text el_class=&#8221;colored programacao&#8221;]<span style=\"color: #ffffff;\">14.05 domingo<\/span>[\/vc_column_text][vc_column_text el_class=&#8221;programacao&#8221;]<a href=\"https:\/\/mimofestival.com\/saopaulo2023\/filme\/rebel-dread\/\"><span class=\"h\">15H<\/span><span class=\"filme\">REBEL DREAD<\/span><span class=\"titulo\" style=\"color: #1ecad3;\"><strong>DIRE\u00c7\u00c3O: WILLIAM E. BADGLEY<\/strong><\/span><span class=\"titulo\" style=\"color: #1ecad3;\">DOC | 1H27 | 2020 | 12 ANOS | UK<\/span><\/a>[\/vc_column_text][vc_empty_space height=&#8221;50px&#8221;][vc_column_text el_class=&#8221;colored programacao&#8221;]<span class=\"d-block\">CHUVA DE POESIA<\/span>[\/vc_column_text][vc_column_text el_class=&#8221;colored programacao&#8221;]<span style=\"color: #ffffff;\">14.05 domingo<\/span>[\/vc_column_text][vc_column_text el_class=&#8221;programacao&#8221;]<span class=\"h\">12H<\/span><span class=\"local\">LOCAL SURPRESA _ SER\u00c1 REVELADO NO S\u00c1BADO, DIA 13 DE MAIO, NAS REDES SOCIAIS DO MIMOFESTIVAL.COM<\/span><span class=\"atracao\"><u>COM POEMAS DE<\/u> ALICE RUIZ,<br \/>\nCONCEI\u00c7\u00c3O EVARISTO,<br \/>\nCAROLINA MARIA DE JESUS,<br \/>\nANA CRISTINA C\u00c9SAR,<br \/>\nADRIANA VERSIANI DOS ANJOS,<br \/>\nANA MARTINS MARQUES<br \/>\ne Lu Menezes<\/span>[\/vc_column_text][vc_empty_space height=&#8221;50px&#8221;][vc_column_text el_class=&#8221;colored programacao&#8221;]<span style=\"color: #ffffff;\">Informa\u00e7\u00f5es \u00dateis<\/span>[\/vc_column_text][vc_column_text]<strong>Todas as atividades t\u00eam entrada gratuita.<\/strong><\/p>\n<p><strong>Todos os espa\u00e7os de realiza\u00e7\u00e3o est\u00e3o sujeitos a lota\u00e7\u00e3o.<\/strong><br \/>\n<strong>Shows no Parque Villa-Lobos com retirada de ingressos gratuitos no Sympla.<\/strong><\/p>\n<p><strong>A programa\u00e7\u00e3o est\u00e1 sujeita a altera\u00e7\u00e3o.<\/strong>[\/vc_column_text][vc_empty_space height=&#8221;15px&#8221;][vc_column_text el_class=&#8221;colored programacao&#8221;]<span style=\"color: #ffffff;\">Endere\u00e7os<\/span>[\/vc_column_text][vc_column_text]<strong>PARQUE VILLA-LOBOS<\/strong><br \/>\nAv. Prof. Fonseca Rodrigues, n\u00ba 2001 &#8211; Alto de Pinheiros<\/p>\n<p><strong>MASP<\/strong><br \/>\nAv. Paulista, n\u00ba 1578 &#8211; Bela Vista<\/p>\n<p><strong>ARENA B3<\/strong><br \/>\nPra\u00e7a Ant\u00f4nio Prado, n\u00ba 48 &#8211; Centro Hist\u00f3rico<\/p>\n<p><strong>CENTRO CULTURAL S\u00c3O PAULO<\/strong><br \/>\nRua Vergueiro, n\u00ba 1000 &#8211; Para\u00edso[\/vc_column_text][\/vc_column][\/vc_row]<\/p>\n","protected":false},"excerpt":{"rendered":"[vc_row iron_row_type=\"full_width\" iron_remove_padding_medium=\"tabletnopadding\" iron_remove_padding_small=\"mobilenopadding\" css=\".vc_custom_1682296342823{background-color: #ffffff !important;}\" el_class=\"main-content\"][vc_column][vc_column_text el_class=\"colored\"] programa\u00e7\u00e3o completa baixe aqui em pdf [\/vc_column_text][vc_column_text el_class=\"colored hidden\"]PAULINHO DA VIOLA LAKECIA BENJAMIN \u2022JUPITER &amp; OKWESS ARNALDO ANTUNES + VITOR ARA\u00daJO LUCINHA TURNBULL \u2022 DON LETTS DJ SET NICO SORIN PIAZZOLLA ELECTR\u00f3NICO KIKO DINUCCI - part. JU\u00c7ARA MAR\u00c7AL PRINCE FATTY CONVIDA MONKEY JHAYAM &amp; SHNIECE DJ MARINA LOPES (samba do sol) MARIO LUCIO &amp; OS KRIOLS MANUEL DE OLIVEIRA[\/vc_column_text][vc_empty_space height=\"50px\"][vc_column_text el_class=\"colored programacao\"]shows[\/vc_column_text][vc_column_text el_class=\"colored programacao\"]12.05 sexta[\/vc_column_text][vc_column_text el_class=\"programacao\"]18Harena B3MANUEL DE OLIVEIRA Portugal[\/vc_column_text][vc_column_text el_class=\"programacao\"]21HMASP [...]","protected":false},"author":2,"featured_media":0,"parent":0,"menu_order":31,"comment_status":"closed","ping_status":"closed","template":"","meta":[],"yoast_head":"<!-- This site is optimized with the Yoast SEO plugin v20.7 - https:\/\/yoast.com\/wordpress\/plugins\/seo\/ -->\n<title>MIMO S\u00c3O PAULO 2023<\/title>\n<meta name=\"robots\" content=\"index, follow, max-snippet:-1, max-image-preview:large, max-video-preview:-1\" \/>\n<link rel=\"canonical\" href=\"https:\/\/mimofestival.com\/saopaulo2023\/\" \/>\n<meta property=\"og:locale\" content=\"pt_BR\" \/>\n<meta property=\"og:type\" content=\"article\" \/>\n<meta property=\"og:title\" content=\"MIMO S\u00c3O PAULO 2023\" \/>\n<meta property=\"og:url\" content=\"https:\/\/mimofestival.com\/saopaulo2023\/\" \/>\n<meta property=\"og:site_name\" content=\"MIMO S\u00c3O PAULO 2023\" \/>\n<meta property=\"article:publisher\" content=\"https:\/\/www.facebook.com\/movimentomimo\" \/>\n<meta property=\"article:modified_time\" content=\"2023-05-14T13:30:42+00:00\" \/>\n<meta name=\"twitter:card\" content=\"summary_large_image\" \/>\n<meta name=\"twitter:site\" content=\"@mimofestival\" \/>\n<meta name=\"twitter:label1\" content=\"Est. tempo de leitura\" \/>\n\t<meta name=\"twitter:data1\" content=\"5 minutos\" \/>\n<script type=\"application\/ld+json\" class=\"yoast-schema-graph\">{\"@context\":\"https:\/\/schema.org\",\"@graph\":[{\"@type\":\"WebPage\",\"@id\":\"https:\/\/mimofestival.com\/saopaulo2023\/\",\"url\":\"https:\/\/mimofestival.com\/saopaulo2023\/\",\"name\":\"MIMO S\u00c3O PAULO 2023\",\"isPartOf\":{\"@id\":\"https:\/\/mimofestival.com\/saopaulo2023\/#website\"},\"datePublished\":\"2016-03-17T10:44:27+00:00\",\"dateModified\":\"2023-05-14T13:30:42+00:00\",\"breadcrumb\":{\"@id\":\"https:\/\/mimofestival.com\/saopaulo2023\/#breadcrumb\"},\"inLanguage\":\"pt-BR\",\"potentialAction\":[{\"@type\":\"ReadAction\",\"target\":[\"https:\/\/mimofestival.com\/saopaulo2023\/\"]}]},{\"@type\":\"BreadcrumbList\",\"@id\":\"https:\/\/mimofestival.com\/saopaulo2023\/#breadcrumb\",\"itemListElement\":[{\"@type\":\"ListItem\",\"position\":1,\"name\":\"In\u00edcio\",\"item\":\"https:\/\/mimofestival.com\/saopaulo2023\/\"},{\"@type\":\"ListItem\",\"position\":2,\"name\":\"In\u00edcio\"}]},{\"@type\":\"WebSite\",\"@id\":\"https:\/\/mimofestival.com\/saopaulo2023\/#website\",\"url\":\"https:\/\/mimofestival.com\/saopaulo2023\/\",\"name\":\"MIMO S\u00c3O PAULO 2023\",\"description\":false,\"potentialAction\":[{\"@type\":\"SearchAction\",\"target\":{\"@type\":\"EntryPoint\",\"urlTemplate\":\"https:\/\/mimofestival.com\/saopaulo2023\/?s={search_term_string}\"},\"query-input\":\"required name=search_term_string\"}],\"inLanguage\":\"pt-BR\"}]}<\/script>\n<!-- \/ Yoast SEO plugin. -->","yoast_head_json":{"title":"MIMO S\u00c3O PAULO 2023","robots":{"index":"index","follow":"follow","max-snippet":"max-snippet:-1","max-image-preview":"max-image-preview:large","max-video-preview":"max-video-preview:-1"},"canonical":"https:\/\/mimofestival.com\/saopaulo2023\/","og_locale":"pt_BR","og_type":"article","og_title":"MIMO S\u00c3O PAULO 2023","og_url":"https:\/\/mimofestival.com\/saopaulo2023\/","og_site_name":"MIMO S\u00c3O PAULO 2023","article_publisher":"https:\/\/www.facebook.com\/movimentomimo","article_modified_time":"2023-05-14T13:30:42+00:00","twitter_card":"summary_large_image","twitter_site":"@mimofestival","twitter_misc":{"Est. tempo de leitura":"5 minutos"},"schema":{"@context":"https:\/\/schema.org","@graph":[{"@type":"WebPage","@id":"https:\/\/mimofestival.com\/saopaulo2023\/","url":"https:\/\/mimofestival.com\/saopaulo2023\/","name":"MIMO S\u00c3O PAULO 2023","isPartOf":{"@id":"https:\/\/mimofestival.com\/saopaulo2023\/#website"},"datePublished":"2016-03-17T10:44:27+00:00","dateModified":"2023-05-14T13:30:42+00:00","breadcrumb":{"@id":"https:\/\/mimofestival.com\/saopaulo2023\/#breadcrumb"},"inLanguage":"pt-BR","potentialAction":[{"@type":"ReadAction","target":["https:\/\/mimofestival.com\/saopaulo2023\/"]}]},{"@type":"BreadcrumbList","@id":"https:\/\/mimofestival.com\/saopaulo2023\/#breadcrumb","itemListElement":[{"@type":"ListItem","position":1,"name":"In\u00edcio","item":"https:\/\/mimofestival.com\/saopaulo2023\/"},{"@type":"ListItem","position":2,"name":"In\u00edcio"}]},{"@type":"WebSite","@id":"https:\/\/mimofestival.com\/saopaulo2023\/#website","url":"https:\/\/mimofestival.com\/saopaulo2023\/","name":"MIMO S\u00c3O PAULO 2023","description":false,"potentialAction":[{"@type":"SearchAction","target":{"@type":"EntryPoint","urlTemplate":"https:\/\/mimofestival.com\/saopaulo2023\/?s={search_term_string}"},"query-input":"required name=search_term_string"}],"inLanguage":"pt-BR"}]}},"_links":{"self":[{"href":"https:\/\/mimofestival.com\/saopaulo2023\/wp-json\/wp\/v2\/pages\/4223"}],"collection":[{"href":"https:\/\/mimofestival.com\/saopaulo2023\/wp-json\/wp\/v2\/pages"}],"about":[{"href":"https:\/\/mimofestival.com\/saopaulo2023\/wp-json\/wp\/v2\/types\/page"}],"author":[{"embeddable":true,"href":"https:\/\/mimofestival.com\/saopaulo2023\/wp-json\/wp\/v2\/users\/2"}],"replies":[{"embeddable":true,"href":"https:\/\/mimofestival.com\/saopaulo2023\/wp-json\/wp\/v2\/comments?post=4223"}],"version-history":[{"count":11,"href":"https:\/\/mimofestival.com\/saopaulo2023\/wp-json\/wp\/v2\/pages\/4223\/revisions"}],"predecessor-version":[{"id":11878,"href":"https:\/\/mimofestival.com\/saopaulo2023\/wp-json\/wp\/v2\/pages\/4223\/revisions\/11878"}],"wp:attachment":[{"href":"https:\/\/mimofestival.com\/saopaulo2023\/wp-json\/wp\/v2\/media?parent=4223"}],"curies":[{"name":"wp","href":"https:\/\/api.w.org\/{rel}","templated":true}]}}