{"id":4243,"date":"2016-03-17T10:50:12","date_gmt":"2016-03-17T10:50:12","guid":{"rendered":"https:\/\/mimofestival.com\/itabira2023\/?page_id=4243"},"modified":"2024-11-05T20:03:08","modified_gmt":"2024-11-05T23:03:08","slug":"contato","status":"publish","type":"page","link":"https:\/\/mimofestival.com\/itabira2023\/contato\/","title":{"rendered":"Contato"},"content":{"rendered":"<p>[vc_row iron_row_type=&#8221;full_width&#8221;][vc_column][vc_empty_space height=&#8221;10px&#8221;][vc_row_inner][vc_column_inner width=&#8221;1\/6&#8243;][\/vc_column_inner][vc_column_inner width=&#8221;2\/3&#8243;][vc_column_text]<\/p>\n<h1 style=\"text-align: center;\">Contato<\/h1>\n<p>[\/vc_column_text]\n                <div class='gf_browser_gecko gform_wrapper' id='gform_wrapper_1' ><a id='gf_1' class='gform_anchor' ><\/a><form method='post' enctype='multipart\/form-data' target='gform_ajax_frame_1' id='gform_1'  action='\/itabira2023\/wp-json\/wp\/v2\/pages\/4243#gf_1'>\n                        <div class='gform_body'><ul id='gform_fields_1' class='gform_fields top_label form_sublabel_below description_below'><li id='field_1_1' class='gfield gfield_contains_required field_sublabel_below field_description_below' ><label class='gfield_label' for='input_1_1' >Nome<span class='gfield_required'>*<\/span><\/label><div class='ginput_container ginput_container_text'><input name='input_1' id='input_1_1' type='text' value='' class='medium'  tabindex='1'   \/><\/div><\/li><li id='field_1_2' class='gfield gfield_contains_required field_sublabel_below field_description_below' ><label class='gfield_label' for='input_1_2' >Email<span class='gfield_required'>*<\/span><\/label><div class='ginput_container ginput_container_email'>\n                            <input name='input_2' id='input_1_2' type='text' value='' class='medium' tabindex='2'   \/>\n                        <\/div><\/li><li id='field_1_4' class='gfield side-field gfield_contains_required field_sublabel_below field_description_below' ><label class='gfield_label' for='input_1_4' >Mensagem<span class='gfield_required'>*<\/span><\/label><div class='ginput_container ginput_container_textarea'>\n\t\t\t\t\t<textarea name='input_4' id='input_1_4' class='textarea medium' tabindex='3'    rows='10' cols='50'><\/textarea>\n\t\t\t\t<\/div><\/li><li id='field_1_5' class='gfield gform_validation_container field_sublabel_below field_description_below' ><label class='gfield_label' for='input_1_5' >Email<\/label><div class='ginput_container'><input name='input_5' id='input_1_5' type='text' value='' \/><\/div><div class='gfield_description'>Este campo \u00e9 para fins de valida\u00e7\u00e3o e deve ter sua esquerda inalterada.<\/div><\/li>\n                            <\/ul><\/div>\n        <div class='gform_footer top_label'> <input type='submit' id='gform_submit_button_1' class='gform_button button' value='Enviar' tabindex='4' onclick='if(window[\"gf_submitting_1\"]){return false;}  window[\"gf_submitting_1\"]=true;  ' \/> <input type='hidden' name='gform_ajax' value='form_id=1&amp;title=&amp;description=&amp;tabindex=1' \/>\n            <input type='hidden' class='gform_hidden' name='is_submit_1' value='1' \/>\n            <input type='hidden' class='gform_hidden' name='gform_submit' value='1' \/>\n            \n            <input type='hidden' class='gform_hidden' name='gform_unique_id' value='' \/>\n            <input type='hidden' class='gform_hidden' name='state_1' value='WyJbXSIsIjg1YTEwODRkZGY2ZTgxMGJlZTg5NTQ1YjcxMDIxNmUzIl0=' \/>\n            <input type='hidden' class='gform_hidden' name='gform_target_page_number_1' id='gform_target_page_number_1' value='0' \/>\n            <input type='hidden' class='gform_hidden' name='gform_source_page_number_1' id='gform_source_page_number_1' value='1' \/>\n            <input type='hidden' name='gform_field_values' value='' \/>\n            \n        <\/div>\n                        <\/form>\n                        <\/div>\n                <iframe style='display:none;width:0px;height:0px;' src='about:blank' name='gform_ajax_frame_1' id='gform_ajax_frame_1'><\/iframe>\n                <script type='text\/javascript'>jQuery(document).ready(function($){gformInitSpinner( 1, 'https:\/\/mimofestival.com\/itabira2023\/wp-content\/plugins\/gravityforms\/images\/spinner.gif' );jQuery('#gform_ajax_frame_1').load( function(){var contents = jQuery(this).contents().find('*').html();var is_postback = contents.indexOf('GF_AJAX_POSTBACK') >= 0;if(!is_postback){return;}var form_content = jQuery(this).contents().find('#gform_wrapper_1');var is_confirmation = jQuery(this).contents().find('#gform_confirmation_wrapper_1').length > 0;var is_redirect = contents.indexOf('gformRedirect(){') >= 0;var is_form = form_content.length > 0 && ! is_redirect && ! is_confirmation;if(is_form){jQuery('#gform_wrapper_1').html(form_content.html());setTimeout( function() { \/* delay the scroll by 50 milliseconds to fix a bug in chrome *\/ jQuery(document).scrollTop(jQuery('#gform_wrapper_1').offset().top); }, 50 );if(window['gformInitDatepicker']) {gformInitDatepicker();}if(window['gformInitPriceFields']) {gformInitPriceFields();}var current_page = jQuery('#gform_source_page_number_1').val();gformInitSpinner( 1, 'https:\/\/mimofestival.com\/itabira2023\/wp-content\/plugins\/gravityforms\/images\/spinner.gif' );jQuery(document).trigger('gform_page_loaded', [1, current_page]);window['gf_submitting_1'] = false;}else if(!is_redirect){var confirmation_content = jQuery(this).contents().find('#gforms_confirmation_message_1').html();if(!confirmation_content){confirmation_content = contents;}setTimeout(function(){jQuery('#gform_wrapper_1').replaceWith('<' + 'div id=\\'gforms_confirmation_message_1\\' class=\\'gform_confirmation_message_1 gforms_confirmation_message\\'' + '>' + confirmation_content + '<' + '\/div' + '>');jQuery(document).scrollTop(jQuery('#gforms_confirmation_message_1').offset().top);jQuery(document).trigger('gform_confirmation_loaded', [1]);window['gf_submitting_1'] = false;}, 50);}else{jQuery('#gform_1').append(contents);if(window['gformRedirect']) {gformRedirect();}}jQuery(document).trigger('gform_post_render', [1, current_page]);} );} );<\/script><script type='text\/javascript'> if(typeof gf_global == 'undefined') var gf_global = {\"gf_currency_config\":{\"name\":\"Real Brasileiro\",\"symbol_left\":\"R$\",\"symbol_right\":\"\",\"symbol_padding\":\" \",\"thousand_separator\":\".\",\"decimal_separator\":\",\",\"decimals\":2},\"base_url\":\"https:\\\/\\\/mimofestival.com\\\/itabira2023\\\/wp-content\\\/plugins\\\/gravityforms\",\"number_formats\":[],\"spinnerUrl\":\"https:\\\/\\\/mimofestival.com\\\/itabira2023\\\/wp-content\\\/plugins\\\/gravityforms\\\/images\\\/spinner.gif\"};jQuery(document).bind('gform_post_render', function(event, formId, currentPage){if(formId == 1) {} } );jQuery(document).bind('gform_post_conditional_logic', function(event, formId, fields, isInit){} );<\/script><script type='text\/javascript'> jQuery(document).ready(function(){jQuery(document).trigger('gform_post_render', [1, 1]) } ); <\/script>[\/vc_column_inner][vc_column_inner width=&#8221;1\/6&#8243;][\/vc_column_inner][\/vc_row_inner][vc_empty_space height=&#8221;30px&#8221;][vc_row_inner el_class=&#8221;contacts-container&#8221;][vc_column_inner width=&#8221;1\/6&#8243;][\/vc_column_inner][vc_column_inner width=&#8221;1\/3&#8243;][vc_column_text]<\/p>\n<h2>ADMINISTRATIVO\/FINANCEIRO<\/h2>\n<p><a href=\"mailto:gilmar@lumearte.com.br\">gilmar@lumearte.com.br<\/a>[\/vc_column_text][\/vc_column_inner][vc_column_inner width=&#8221;1\/3&#8243;][vc_column_text]<\/p>\n<h2>PRODU\u00c7\u00c3O<\/h2>\n<p><a href=\"mailto:marcianunes@mimofestival.com\">marcianunes@mimofestival.com<\/a>[\/vc_column_text][\/vc_column_inner][\/vc_row_inner][vc_row_inner el_class=&#8221;contacts-container&#8221;][vc_column_inner width=&#8221;1\/6&#8243;][\/vc_column_inner][vc_column_inner width=&#8221;1\/3&#8243;][vc_column_text]<\/p>\n<h2>CURADORIA<\/h2>\n<p><a href=\"mailto:curadoria@mimofestival.com\">curadoria@mimofestival.com<\/a>[\/vc_column_text][\/vc_column_inner][vc_column_inner width=&#8221;1\/3&#8243;][vc_column_text]<\/p>\n<h2>Programa Educativo<\/h2>\n<p><a href=\"mailto:educativo@mimofestival.com\">educativo@mimofestival.com<\/a>[\/vc_column_text][\/vc_column_inner][\/vc_row_inner][vc_row_inner el_class=&#8221;contacts-container&#8221;][vc_column_inner width=&#8221;1\/6&#8243;][\/vc_column_inner][vc_column_inner width=&#8221;1\/3&#8243;][vc_column_text]<\/p>\n<h2>MARKETING<\/h2>\n<p><a href=\"mailto:marketing@mimofestival.com\">marketing@mimofestival.com<\/a>[\/vc_column_text][\/vc_column_inner][vc_column_inner width=&#8221;1\/3&#8243;][vc_column_text]<\/p>\n<h2>PATROC\u00cdNIOS<\/h2>\n<p><a href=\"mailto:patrocinio@mimofestival.com\">patrocinio@mimofestival.com<\/a>[\/vc_column_text][\/vc_column_inner][\/vc_row_inner][vc_row_inner el_class=&#8221;contacts-container&#8221;][vc_column_inner width=&#8221;1\/3&#8243;][\/vc_column_inner][vc_column_inner width=&#8221;1\/3&#8243;][vc_column_text]<\/p>\n<h2>Telefones<\/h2>\n<p>(21) 3649.0615 \/ (21) 97680.1292[\/vc_column_text][\/vc_column_inner][vc_column_inner width=&#8221;1\/3&#8243;][\/vc_column_inner][\/vc_row_inner][vc_empty_space height=&#8221;70px&#8221;][\/vc_column][\/vc_row]<\/p>\n","protected":false},"excerpt":{"rendered":"<p>Contatos MIMO<\/p>\n","protected":false},"author":2,"featured_media":0,"parent":0,"menu_order":15,"comment_status":"closed","ping_status":"closed","template":"","meta":[],"yoast_head":"<!-- This site is optimized with the Yoast SEO plugin v20.7 - https:\/\/yoast.com\/wordpress\/plugins\/seo\/ -->\n<title>Contato - MIMO ITABIRA 2023<\/title>\n<meta name=\"robots\" content=\"index, follow, max-snippet:-1, max-image-preview:large, max-video-preview:-1\" \/>\n<link rel=\"canonical\" href=\"https:\/\/mimofestival.com\/itabira2023\/contato\/\" \/>\n<meta property=\"og:locale\" content=\"pt_BR\" \/>\n<meta property=\"og:type\" content=\"article\" \/>\n<meta property=\"og:title\" content=\"Contato - MIMO ITABIRA 2023\" \/>\n<meta property=\"og:description\" content=\"Contatos MIMO\" \/>\n<meta property=\"og:url\" content=\"https:\/\/mimofestival.com\/itabira2023\/contato\/\" \/>\n<meta property=\"og:site_name\" content=\"MIMO ITABIRA 2023\" \/>\n<meta property=\"article:publisher\" content=\"https:\/\/www.facebook.com\/movimentomimo\" \/>\n<meta property=\"article:modified_time\" content=\"2024-11-05T23:03:08+00:00\" \/>\n<meta name=\"twitter:card\" content=\"summary_large_image\" \/>\n<meta name=\"twitter:site\" content=\"@mimofestival\" \/>\n<meta name=\"twitter:label1\" content=\"Est. tempo de leitura\" \/>\n\t<meta name=\"twitter:data1\" content=\"1 minuto\" \/>\n<script type=\"application\/ld+json\" class=\"yoast-schema-graph\">{\"@context\":\"https:\/\/schema.org\",\"@graph\":[{\"@type\":\"WebPage\",\"@id\":\"https:\/\/mimofestival.com\/itabira2023\/contato\/\",\"url\":\"https:\/\/mimofestival.com\/itabira2023\/contato\/\",\"name\":\"Contato - MIMO ITABIRA 2023\",\"isPartOf\":{\"@id\":\"https:\/\/mimofestival.com\/saopaulo2023\/#website\"},\"datePublished\":\"2016-03-17T10:50:12+00:00\",\"dateModified\":\"2024-11-05T23:03:08+00:00\",\"breadcrumb\":{\"@id\":\"https:\/\/mimofestival.com\/itabira2023\/contato\/#breadcrumb\"},\"inLanguage\":\"pt-BR\",\"potentialAction\":[{\"@type\":\"ReadAction\",\"target\":[\"https:\/\/mimofestival.com\/itabira2023\/contato\/\"]}]},{\"@type\":\"BreadcrumbList\",\"@id\":\"https:\/\/mimofestival.com\/itabira2023\/contato\/#breadcrumb\",\"itemListElement\":[{\"@type\":\"ListItem\",\"position\":1,\"name\":\"In\u00edcio\",\"item\":\"https:\/\/mimofestival.com\/itabira2023\/\"},{\"@type\":\"ListItem\",\"position\":2,\"name\":\"Contato\"}]},{\"@type\":\"WebSite\",\"@id\":\"https:\/\/mimofestival.com\/saopaulo2023\/#website\",\"url\":\"https:\/\/mimofestival.com\/saopaulo2023\/\",\"name\":\"MIMO ITABIRA 2023\",\"description\":false,\"potentialAction\":[{\"@type\":\"SearchAction\",\"target\":{\"@type\":\"EntryPoint\",\"urlTemplate\":\"https:\/\/mimofestival.com\/saopaulo2023\/?s={search_term_string}\"},\"query-input\":\"required name=search_term_string\"}],\"inLanguage\":\"pt-BR\"}]}<\/script>\n<!-- \/ Yoast SEO plugin. -->","yoast_head_json":{"title":"Contato - MIMO ITABIRA 2023","robots":{"index":"index","follow":"follow","max-snippet":"max-snippet:-1","max-image-preview":"max-image-preview:large","max-video-preview":"max-video-preview:-1"},"canonical":"https:\/\/mimofestival.com\/itabira2023\/contato\/","og_locale":"pt_BR","og_type":"article","og_title":"Contato - MIMO ITABIRA 2023","og_description":"Contatos MIMO","og_url":"https:\/\/mimofestival.com\/itabira2023\/contato\/","og_site_name":"MIMO ITABIRA 2023","article_publisher":"https:\/\/www.facebook.com\/movimentomimo","article_modified_time":"2024-11-05T23:03:08+00:00","twitter_card":"summary_large_image","twitter_site":"@mimofestival","twitter_misc":{"Est. tempo de leitura":"1 minuto"},"schema":{"@context":"https:\/\/schema.org","@graph":[{"@type":"WebPage","@id":"https:\/\/mimofestival.com\/itabira2023\/contato\/","url":"https:\/\/mimofestival.com\/itabira2023\/contato\/","name":"Contato - MIMO ITABIRA 2023","isPartOf":{"@id":"https:\/\/mimofestival.com\/saopaulo2023\/#website"},"datePublished":"2016-03-17T10:50:12+00:00","dateModified":"2024-11-05T23:03:08+00:00","breadcrumb":{"@id":"https:\/\/mimofestival.com\/itabira2023\/contato\/#breadcrumb"},"inLanguage":"pt-BR","potentialAction":[{"@type":"ReadAction","target":["https:\/\/mimofestival.com\/itabira2023\/contato\/"]}]},{"@type":"BreadcrumbList","@id":"https:\/\/mimofestival.com\/itabira2023\/contato\/#breadcrumb","itemListElement":[{"@type":"ListItem","position":1,"name":"In\u00edcio","item":"https:\/\/mimofestival.com\/itabira2023\/"},{"@type":"ListItem","position":2,"name":"Contato"}]},{"@type":"WebSite","@id":"https:\/\/mimofestival.com\/saopaulo2023\/#website","url":"https:\/\/mimofestival.com\/saopaulo2023\/","name":"MIMO ITABIRA 2023","description":false,"potentialAction":[{"@type":"SearchAction","target":{"@type":"EntryPoint","urlTemplate":"https:\/\/mimofestival.com\/saopaulo2023\/?s={search_term_string}"},"query-input":"required name=search_term_string"}],"inLanguage":"pt-BR"}]}},"_links":{"self":[{"href":"https:\/\/mimofestival.com\/itabira2023\/wp-json\/wp\/v2\/pages\/4243"}],"collection":[{"href":"https:\/\/mimofestival.com\/itabira2023\/wp-json\/wp\/v2\/pages"}],"about":[{"href":"https:\/\/mimofestival.com\/itabira2023\/wp-json\/wp\/v2\/types\/page"}],"author":[{"embeddable":true,"href":"https:\/\/mimofestival.com\/itabira2023\/wp-json\/wp\/v2\/users\/2"}],"replies":[{"embeddable":true,"href":"https:\/\/mimofestival.com\/itabira2023\/wp-json\/wp\/v2\/comments?post=4243"}],"version-history":[{"count":10,"href":"https:\/\/mimofestival.com\/itabira2023\/wp-json\/wp\/v2\/pages\/4243\/revisions"}],"predecessor-version":[{"id":11895,"href":"https:\/\/mimofestival.com\/itabira2023\/wp-json\/wp\/v2\/pages\/4243\/revisions\/11895"}],"wp:attachment":[{"href":"https:\/\/mimofestival.com\/itabira2023\/wp-json\/wp\/v2\/media?parent=4243"}],"curies":[{"name":"wp","href":"https:\/\/api.w.org\/{rel}","templated":true}]}}