{"id":4223,"date":"2016-03-17T10:44:27","date_gmt":"2016-03-17T10:44:27","guid":{"rendered":"https:\/\/mimofestival.com\/itabira2023\/?page_id=4223"},"modified":"2023-05-17T21:33:45","modified_gmt":"2023-05-18T00:33:45","slug":"inicio","status":"publish","type":"page","link":"https:\/\/mimofestival.com\/itabira2023\/","title":{"rendered":"In\u00edcio"},"content":{"rendered":"<p>[vc_row iron_row_type=&#8221;full_width&#8221; iron_remove_padding_medium=&#8221;tabletnopadding&#8221; iron_remove_padding_small=&#8221;mobilenopadding&#8221; css=&#8221;.vc_custom_1682296342823{background-color: #ffffff !important;}&#8221; el_class=&#8221;main-content&#8221;][vc_column][vc_column_text el_class=&#8221;colored&#8221;]<\/p>\n<h2><span style=\"color: #fff;\">programa\u00e7\u00e3o completa<\/span><\/h2>\n<h4><a href=\"https:\/\/mimofestival.com\/itabira2023\/itabira-download-programacao-completa\/\" target=\"_blank\" rel=\"noopener\"><span style=\"color: #ffffff;\">baixe aqui em pdf<\/span><\/a><\/h4>\n<p>[\/vc_column_text][vc_empty_space height=&#8221;20px&#8221;][vc_column_text el_class=&#8221;colored hidden&#8221;]<span style=\"color: #1ecad3;\">gilsons<\/span><\/p>\n<p><span style=\"color: #ffd600;\">DON LETTS DJ SET<\/span><\/p>\n<p><span style=\"color: #3bd4ae;\">ARNALDO ANTUNES + VITOR ARA\u00daJO<\/span><\/p>\n<p><span style=\"color: #ffffff;\">jupiter &amp; okwess<\/span><\/p>\n<p><span style=\"color: #ffd600;\">simone mazzer<\/span><\/p>\n<p><span style=\"color: #e81f76;\">NICO SORIN PIAZZOLLA ELECTR\u00d3NICO<\/span><\/p>\n<p><span style=\"color: #ffd600;\">MARIO LUCIO &amp; OS KRIOLS<\/span><\/p>\n<p><span style=\"color: #ff4438;\">PRINCE FATTY CONVIDA MONKEY JHAYAM &amp; SHNIECE<\/span><\/p>\n<p><span style=\"color: #fff;\">ma\u00edra baldaia<\/span><\/p>\n<p><span style=\"color: #3bd4ae;\">MANUEL DE OLIVEIRa<\/span><\/p>\n<p><span style=\"color: #1ecad3;\">bruno capinan<\/span><\/p>\n<p><span style=\"color: #e81f76;\">valter lobo<\/span><\/p>\n<p><span style=\"color: #ffd600;\">orquestra de c\u00e2mara da fccda<\/span><\/p>\n<p><span style=\"color: #ff4438;\">DJ VINI BROWN<\/span>[\/vc_column_text][vc_column_text el_class=&#8221;colored programacao&#8221;]<span class=\"d-block\" style=\"color: #ffd600;\">shows<\/span>[\/vc_column_text][vc_column_text el_class=&#8221;colored programacao&#8221;]<span style=\"color: #ffffff;\">19.05 sexta<\/span>[\/vc_column_text][vc_column_text el_class=&#8221;programacao&#8221;]<a href=\"https:\/\/mimofestival.com\/itabira2023\/artista\/simone-mazzer\/\"><span class=\"h\">20H<\/span><span class=\"local\">FUNDA\u00c7\u00c3O CULTURAL CARLOS DRUMMOND DE ANDRADE \u2013 TEATRO<\/span><span class=\"atracao\">SIMONE MAZZER <i>Brasil<\/i><\/span><\/a>[\/vc_column_text][vc_column_text el_class=&#8221;programacao&#8221;]<span class=\"h\">20H30<\/span><span class=\"local\">CONCHA AC\u00daSTICA<\/span><span class=\"atracao\">DJ VINI BROWN <i>Brasil<\/i><\/span>[\/vc_column_text][vc_column_text el_class=&#8221;programacao&#8221;]<a href=\"https:\/\/mimofestival.com\/itabira2023\/artista\/arnaldo-antunes-vitor-araujo\/\"><span class=\"h\">21H30<\/span><span class=\"local\">CONCHA AC\u00daSTICA<\/span><span class=\"atracao\">ARNALDO ANTUNES + VITOR ARA\u00daJO <i>Brasil<\/i><\/span><\/a>[\/vc_column_text][vc_column_text el_class=&#8221;programacao&#8221;]<a href=\"https:\/\/mimofestival.com\/itabira2023\/artista\/mario-lucio-os-kriols\/\"><span class=\"h\">23H<\/span><span class=\"local\">CONCHA AC\u00daSTICA<\/span><span class=\"atracao\">MARIO LUCIO &amp; OS KRIOLS <i>CABO VERDE\/PORTUGAL<\/i><\/span><\/a>[\/vc_column_text][vc_column_text el_class=&#8221;colored programacao&#8221;]<span style=\"color: #ffffff;\">20.05 s\u00e1bado<\/span>[\/vc_column_text][vc_column_text el_class=&#8221;programacao&#8221;]<a href=\"https:\/\/mimofestival.com\/itabira2023\/artista\/valter-lobo\/\"><span class=\"h\">18H<\/span><span class=\"local\">FUNDA\u00c7\u00c3O CULTURAL CARLOS DRUMMOND DE ANDRADE \u2013 TEATRO<\/span><span class=\"atracao\">VALTER LOBO <i>portugal<\/i><\/span><\/a>[\/vc_column_text][vc_column_text el_class=&#8221;programacao&#8221;]<span class=\"h\">20H<\/span><span class=\"local\">FUNDA\u00c7\u00c3O CULTURAL CARLOS DRUMMOND DE ANDRADE \u2013 TEATRO<\/span><span class=\"atracao\">ORQUESTRA DE C\u00c2MARA DA FCCDA <i>Brasil<\/i><\/span>[\/vc_column_text][vc_column_text el_class=&#8221;programacao&#8221;]<a href=\"https:\/\/mimofestival.com\/itabira2023\/artista\/don-letts\/\"><span class=\"h\">20H30<\/span><span class=\"local\">CONCHA AC\u00daSTICA<\/span><span class=\"atracao\">DON LETTS DJ SET <i>inglaterra<\/i><\/span><\/a>[\/vc_column_text][vc_column_text el_class=&#8221;programacao&#8221;]<a href=\"https:\/\/mimofestival.com\/itabira2023\/artista\/piazzolla-octeto-eletronico-por-nico-sorin\/\"><span class=\"h\">21H30<\/span><span class=\"local\">CONCHA AC\u00daSTICA<\/span><span class=\"atracao\">NICO SORIN PIAZZOLLA ELECTR\u00d3NICO <i>argentina<\/i><\/span><\/a>[\/vc_column_text][vc_column_text el_class=&#8221;programacao&#8221;]<a href=\"https:\/\/mimofestival.com\/itabira2023\/artista\/jupiter-okwess\/\"><span class=\"h\">23H<\/span><span class=\"local\">CONCHA AC\u00daSTICA<\/span><span class=\"atracao\">JUPITER &amp; OKWESS <i>congo<\/i><\/span><\/a>[\/vc_column_text][vc_column_text el_class=&#8221;colored programacao&#8221;]<span style=\"color: #ffffff;\">21.05 domingo<\/span>[\/vc_column_text][vc_column_text el_class=&#8221;programacao&#8221;]<a href=\"https:\/\/mimofestival.com\/itabira2023\/artista\/manuel-de-olivera\/\"><span class=\"h\">16H<\/span><span class=\"local\">IGREJA DE N. S. DO ROS\u00c1RIO DOS HOMENS PRETOS<\/span><span class=\"atracao\">MANUEL DE OLIVEIRA <i>portugal<\/i><\/span><\/a>[\/vc_column_text][vc_column_text el_class=&#8221;programacao&#8221;]<a href=\"https:\/\/mimofestival.com\/itabira2023\/artista\/bruno-capinan\/\"><span class=\"h\">17H<\/span><span class=\"local\">FUNDA\u00c7\u00c3O CULTURAL CARLOS DRUMMOND DE ANDRADE \u2013 TEATRO<\/span><span class=\"atracao\">BRUNO CAPINAN <i>brasil<\/i><\/span><\/a>[\/vc_column_text][vc_column_text el_class=&#8221;programacao&#8221;]<a href=\"https:\/\/mimofestival.com\/itabira2023\/artista\/prince-fatty-shniece-mcmenamin-convidam-monkey-jhayam\/\"><span class=\"h\">18H<\/span><span class=\"local\">CONCHA AC\u00daSTICA<\/span><span class=\"atracao\">PRINCE FATTY CONVIDA MONKEYJHAYAM &amp; SHNIECE <i>INGLATERRA\/BRASIL<\/i><\/span><\/a>[\/vc_column_text][vc_column_text el_class=&#8221;programacao&#8221;]<a href=\"https:\/\/mimofestival.com\/itabira2023\/artista\/maira-baldaia\/\"><span class=\"h\">19H30<\/span><span class=\"local\">CONCHA AC\u00daSTICA<\/span><span class=\"atracao\">MA\u00cdRA BALDAIA <i>brasil<\/i><\/span><\/a>[\/vc_column_text][vc_column_text el_class=&#8221;programacao&#8221;]<a href=\"https:\/\/mimofestival.com\/itabira2023\/artista\/gilsons\/\"><span class=\"h\">21H<\/span><span class=\"local\">CONCHA AC\u00daSTICA<\/span><span class=\"atracao\">GILSONS <i>brasil<\/i><\/span><\/a>[\/vc_column_text][vc_column_text el_class=&#8221;colored programacao&#8221;]<span class=\"d-block\" style=\"color: #3bd4ae;\">Workshops &#8211; casa do br\u00e1s<\/span>[\/vc_column_text][vc_column_text el_class=&#8221;observacao programacao&#8221;]As inscri\u00e7\u00f5es para o programa educativo devem ser feitas antecipadamente pelo e-mail <a href=\"mailto:educativo@mimofestival.com\">educativo@mimofestival.com<\/a>, indicando o workshop de interesse no t\u00edtulo.<br \/>\nAs aulas est\u00e3o sujeitas \u00e0 capacidade de atendimento e \u00e0 lota\u00e7\u00e3o dos espa\u00e7os de realiza\u00e7\u00e3o.[\/vc_column_text][vc_column_text el_class=&#8221;colored programacao&#8221;]<span style=\"color: #ffffff;\">19.05 sexta<\/span>[\/vc_column_text][vc_column_text el_class=&#8221;programacao&#8221;]<span class=\"h\">9H30<\/span><span class=\"filme\">MANUEL DE OLIVEIRA <i>portugal<\/i><\/span><span class=\"titulo\">GUITARRA IB\u00c9RICA &#8211; TERRIT\u00d3RIO, IDENTIDADE E INOVA\u00c7\u00c3O<\/span>[\/vc_column_text][vc_column_text el_class=&#8221;programacao&#8221;]<span class=\"h\">11H<\/span><span class=\"filme\">NICO SORIN <i>argentina<\/i><\/span><span class=\"titulo\">O DESAFIO DE ADAPTAR A OBRA DE ASTOR PIAZZOLLA PARA DIFERENTES CONJUNTOS INSTRUMENTAIS<\/span>[\/vc_column_text][vc_column_text el_class=&#8221;colored programacao&#8221;]<span style=\"color: #ffffff;\">20.05 s\u00e1bado<\/span>[\/vc_column_text][vc_column_text el_class=&#8221;programacao&#8221;]<span class=\"h\">10H<\/span><span class=\"filme\">PRINCE FATTY <i>inglaterra<\/i><\/span><span class=\"titulo\">EXPLORANDO AS ORIGENS DO DUB<\/span>[\/vc_column_text][vc_column_text el_class=&#8221;programacao&#8221;]<span class=\"h\">11H<\/span><span class=\"filme\">LU ARA\u00daJO E PEDRO CHIODO <i>brasil<\/i><\/span><span class=\"titulo\">A M\u00daSICA BRASILEIRA NO MERCADO INTERNACIONAL<\/span>[\/vc_column_text][vc_column_text el_class=&#8221;colored programacao&#8221;]<span class=\"d-block\" style=\"color: #ff4438;\">F\u00f3rum de ideias &#8211; casa do br\u00e1s<\/span>[\/vc_column_text][vc_column_text el_class=&#8221;colored programacao&#8221;]<span style=\"color: #ffffff;\">19.05 sexta<\/span>[\/vc_column_text][vc_column_text el_class=&#8221;programacao&#8221;]<span class=\"h\">16H<\/span><span class=\"filme\">MARIO LUCIO &amp; JUPITER <i>cABO VERDE\/CONGO<\/i><\/span><span class=\"titulo\">MIGRANTES DE ONTEM E DE HOJE<br \/>\nMEDIADORA: CHRIS FUSCALDO<\/span>[\/vc_column_text][vc_column_text el_class=&#8221;colored programacao&#8221;]<span style=\"color: #ffffff;\">20.05 s\u00e1bado<\/span>[\/vc_column_text][vc_column_text el_class=&#8221;programacao&#8221;]<span class=\"h\">14H<\/span><span class=\"filme\">SIMONE MAZZER, MA\u00cdRA BALDAIA E BRUNO CAPINAN <i>brasil<\/i><\/span><span class=\"titulo\">SER\u00c1? AS CERTEZAS, INCERTEZAS E DESAFIOS DE UM ARTISTA FORA DOS PADR\u00d5ES<br \/>\nMEDIADORA: CHRIS FUSCALDO<\/span>[\/vc_column_text][vc_column_text el_class=&#8221;programacao&#8221;]<span class=\"h\">16H<\/span><span class=\"filme\">DON LETTS <i>inglaterra<\/i><\/span><span class=\"titulo\">O REBEL DREAD<br \/>\nMEDIADORA: CHRIS FUSCALDO<\/span>[\/vc_column_text][vc_column_text el_class=&#8221;colored programacao&#8221;]<span style=\"color: #ffffff;\">21.05 domingo<\/span>[\/vc_column_text][vc_column_text el_class=&#8221;programacao&#8221;]<span class=\"h\">15H<\/span><span class=\"filme\">CHRIS FUSCALDO <i>brasil<\/i><\/span><span class=\"titulo\">DE TUDO SE FAZ CAN\u00c7\u00c3O &#8211; 50 ANOS DO CLUBE DA ESQUINA<\/span>[\/vc_column_text][vc_column_text el_class=&#8221;colored programacao&#8221;]<span class=\"d-block\" style=\"color: #1ecad3;\">MOSTRA DE CINEMA &#8211; cinemax<\/span>[\/vc_column_text][vc_column_text el_class=&#8221;colored programacao&#8221;]<span style=\"color: #ffffff;\">20.05 s\u00e1bado<\/span>[\/vc_column_text][vc_column_text el_class=&#8221;programacao&#8221;]<a href=\"https:\/\/mimofestival.com\/itabira2023\/filme\/rebel-dread\/\"><span class=\"h\">14H<\/span><span class=\"filme\">REBEL DREAD<\/span><span class=\"titulo\"><strong>DIRE\u00c7\u00c3O: WILLIAM E. BADGLEY<\/strong><\/span><span class=\"titulo\">DOC | 1H27 | 2020 | UK<\/span><\/a>[\/vc_column_text][vc_column_text el_class=&#8221;colored programacao&#8221;]<span style=\"color: #ffffff;\">21.05 domingo<\/span>[\/vc_column_text][vc_column_text el_class=&#8221;programacao&#8221;]<a href=\"https:\/\/mimofestival.com\/itabira2023\/filme\/as-cancoes-de-amor-de-uma-bixa-velha\/\"><span class=\"h\">14H<\/span><span class=\"filme\">AS CAN\u00c7\u00d5ES DE AMOR DE UMA BIXA VELHA<\/span><span class=\"titulo\"><strong>DIRE\u00c7\u00c3O: ANDR\u00c9 SANDINO COSTA<\/strong><\/span><span class=\"titulo\">DOC | 22MIN | 2020 | BRASIL\/ RJ<\/span><\/a>[\/vc_column_text][vc_column_text el_class=&#8221;programacao&#8221;]<a href=\"https:\/\/mimofestival.com\/itabira2023\/filme\/lupicinio-rodrigues-confissoes-de-um-sofredor\/\"><span class=\"h\">\u00a0<\/span><span class=\"filme\">LUPIC\u00cdNIO RODRIGUES: CONFISS\u00d5ES DE UM SOFREDOR<\/span><span class=\"titulo\"><strong>DIRE\u00c7\u00c3O: ALFREDO MANEVY<\/strong><\/span><span class=\"titulo\">DOC | 1H36 | 2023 | BRASIL\/ SC<\/span><\/a>[\/vc_column_text][vc_column_text el_class=&#8221;colored programacao&#8221;]<span class=\"d-block\" style=\"color: #ffffff;\">CHUVA DE POESIA<\/span>[\/vc_column_text][vc_column_text el_class=&#8221;colored programacao&#8221;]<span style=\"color: #ffffff;\">20.05 s\u00e1bado<br \/>\n21.05 domingo<\/span>[\/vc_column_text][vc_column_text el_class=&#8221;programacao&#8221;]<span class=\"h\">12H<\/span><span class=\"local\">CASA DE CARLOS DRUMMOND DE ANDRADE<\/span><span class=\"atracao\"><u>COM POEMAS DE<\/u> ALICE RUIZ,<br \/>\nCONCEI\u00c7\u00c3O EVARISTO,<br \/>\nCAROLINA MARIA DE JESUS,<br \/>\nANA CRISTINA CESAR,<br \/>\nADRIANA VERSIANI DOS ANJOS,<br \/>\nANA MARTINS MARQUES<br \/>\ne Lu Menezes<\/span>[\/vc_column_text][vc_empty_space height=&#8221;50px&#8221;][vc_column_text el_class=&#8221;colored programacao&#8221;]<span class=\"d-block\" style=\"color: #e81f76;\">ROTEIRO AFETIVO<\/span>[\/vc_column_text][vc_column_text el_class=&#8221;colored programacao&#8221;]<span style=\"color: #ffffff;\">20.05 s\u00e1bado<br \/>\n21.05 domingo<\/span>[\/vc_column_text][vc_column_text el_class=&#8221;programacao&#8221;]<span class=\"h\">11H<\/span><span class=\"local\">CASA DO BR\u00c1S (PONTO DE ENCONTRO)<\/span><span class=\"atracao\">VISITA GUIADA PELO CENTRO HIST\u00d3RICO DE ITABIRA, CONDUZIDA POR JOVENS INTEGRANTES DO PROGRAMA SOCIOCULTURAL DRUMMONZINHOS E PELO COLETIVO VIRAVOLTEAR, QUE APRESENTAR\u00c1 \u201cENTREVIAS PO\u00c9TICAS\u201d PELOS CAMINHOS DRUMMONDIANOS (A VISITA TER\u00c1 COMO PONTO FINAL A CASA DE CARLOS DRUMMOND DE ANDRADE, ONDE O P\u00daBLICO SER\u00c1 RECEBIDO COM O EVENTO CHUVA\u00a0DE\u00a0POESIA)<\/span>[\/vc_column_text][vc_empty_space height=&#8221;50px&#8221;][vc_column_text el_class=&#8221;colored programacao&#8221;]<span style=\"color: #ffffff;\">Informa\u00e7\u00f5es \u00dateis<\/span>[\/vc_column_text][vc_column_text]<strong>Todas as atividades t\u00eam entrada gratuita.<\/strong><\/p>\n<p><strong>As inscri\u00e7\u00f5es para o programa educativo devem ser feitas antecipadamente pelo e-mail educativo@mimofestival.com, indicando o workshop de interesse no t\u00edtulo.<\/strong><\/p>\n<p><strong>As aulas est\u00e3o sujeitas \u00e0 capacidade de atendimento e \u00e0 lota\u00e7\u00e3o dos espa\u00e7os de realiza\u00e7\u00e3o.<\/strong><\/p>\n<p><strong>Todos os espa\u00e7os de realiza\u00e7\u00e3o est\u00e3o sujeitos a lota\u00e7\u00e3o.<\/strong><\/p>\n<p><strong>Shows na Concha Ac\u00fastica com retirada de ingressos gratuitos no Sympla a partir de 18 de maio. Lota\u00e7\u00e3o: 2.000 pessoas.<\/strong><\/p>\n<p><strong>A programa\u00e7\u00e3o est\u00e1 sujeita a altera\u00e7\u00e3o.<\/strong>[\/vc_column_text][vc_empty_space height=&#8221;15px&#8221;][vc_column_text el_class=&#8221;colored programacao&#8221;]<span style=\"color: #ffffff;\">Endere\u00e7os<\/span>[\/vc_column_text][vc_column_text]<strong>CONCHA AC\u00daSTICA<\/strong><br \/>\nPico do amor, s\/n\u00ba &#8211; Campestre, Itabira \u2013 MG<\/p>\n<p><strong>FUNDA\u00c7\u00c3O CULTURAL CARLOS DRUMMOND DE ANDRADE\/ FCCDA<\/strong><br \/>\nAv. Carlos Drummond de Andrade, n\u00ba 666 &#8211; Centro, Itabira &#8211; MG<\/p>\n<p><strong>CASA DO BR\u00c1S<\/strong><br \/>\nRua Guarda-Mor Cust\u00f3dio, n\u00ba 156 Centro &#8211; Centro, Itabira &#8211; MG<\/p>\n<p><strong>CASA DE CARLOS DRUMMOND DE ANDRADE<\/strong><br \/>\nPra\u00e7a do Centen\u00e1rio, n\u00ba 137 &#8211; Centro, Itabira &#8211; MG<\/p>\n<p><strong>CINEMAX<\/strong><br \/>\nRua Tiradentes, n\u00ba 95 &#8211; Centro, Itabira &#8211; MG<\/p>\n<p><strong>IGREJA DE N. S. DO ROS\u00c1RIO DOS HOMENS PRETOS<\/strong><br \/>\nR. Praia do Ros\u00e1rio, n\u00ba 48 &#8211; Penha, Itabira &#8211; MG[\/vc_column_text][\/vc_column][\/vc_row]<\/p>\n","protected":false},"excerpt":{"rendered":"[vc_row iron_row_type=\"full_width\" iron_remove_padding_medium=\"tabletnopadding\" iron_remove_padding_small=\"mobilenopadding\" css=\".vc_custom_1682296342823{background-color: #ffffff !important;}\" el_class=\"main-content\"][vc_column][vc_column_text el_class=\"colored\"] programa\u00e7\u00e3o completa baixe aqui em pdf [\/vc_column_text][vc_empty_space height=\"20px\"][vc_column_text el_class=\"colored hidden\"]gilsons DON LETTS DJ SET ARNALDO ANTUNES + VITOR ARA\u00daJO jupiter &amp; okwess simone mazzer NICO SORIN PIAZZOLLA ELECTR\u00d3NICO MARIO LUCIO &amp; OS KRIOLS PRINCE FATTY CONVIDA MONKEY JHAYAM &amp; SHNIECE ma\u00edra baldaia MANUEL DE OLIVEIRa bruno capinan valter lobo orquestra de c\u00e2mara da fccda DJ VINI BROWN[\/vc_column_text][vc_column_text el_class=\"colored programacao\"]shows[\/vc_column_text][vc_column_text el_class=\"colored programacao\"]19.05 sexta[\/vc_column_text][vc_column_text el_class=\"programacao\"]20HFUNDA\u00c7\u00c3O CULTURAL CARLOS DRUMMOND DE ANDRADE \u2013 TEATROSIMONE MAZZER [...]","protected":false},"author":2,"featured_media":0,"parent":0,"menu_order":31,"comment_status":"closed","ping_status":"closed","template":"","meta":[],"yoast_head":"<!-- This site is optimized with the Yoast SEO plugin v20.7 - https:\/\/yoast.com\/wordpress\/plugins\/seo\/ -->\n<title>MIMO ITABIRA 2023<\/title>\n<meta name=\"robots\" content=\"index, follow, max-snippet:-1, max-image-preview:large, max-video-preview:-1\" \/>\n<link rel=\"canonical\" href=\"https:\/\/mimofestival.com\/itabira2023\/\" \/>\n<meta property=\"og:locale\" content=\"pt_BR\" \/>\n<meta property=\"og:type\" content=\"article\" \/>\n<meta property=\"og:title\" content=\"MIMO ITABIRA 2023\" \/>\n<meta property=\"og:url\" content=\"https:\/\/mimofestival.com\/itabira2023\/\" \/>\n<meta property=\"og:site_name\" content=\"MIMO ITABIRA 2023\" \/>\n<meta property=\"article:publisher\" content=\"https:\/\/www.facebook.com\/movimentomimo\" \/>\n<meta property=\"article:modified_time\" content=\"2023-05-18T00:33:45+00:00\" \/>\n<meta name=\"twitter:card\" content=\"summary_large_image\" \/>\n<meta name=\"twitter:site\" content=\"@mimofestival\" \/>\n<meta name=\"twitter:label1\" content=\"Est. tempo de leitura\" \/>\n\t<meta name=\"twitter:data1\" content=\"5 minutos\" \/>\n<script type=\"application\/ld+json\" class=\"yoast-schema-graph\">{\"@context\":\"https:\/\/schema.org\",\"@graph\":[{\"@type\":\"WebPage\",\"@id\":\"https:\/\/mimofestival.com\/itabira2023\/\",\"url\":\"https:\/\/mimofestival.com\/itabira2023\/\",\"name\":\"MIMO ITABIRA 2023\",\"isPartOf\":{\"@id\":\"https:\/\/mimofestival.com\/saopaulo2023\/#website\"},\"datePublished\":\"2016-03-17T10:44:27+00:00\",\"dateModified\":\"2023-05-18T00:33:45+00:00\",\"breadcrumb\":{\"@id\":\"https:\/\/mimofestival.com\/itabira2023\/#breadcrumb\"},\"inLanguage\":\"pt-BR\",\"potentialAction\":[{\"@type\":\"ReadAction\",\"target\":[\"https:\/\/mimofestival.com\/itabira2023\/\"]}]},{\"@type\":\"BreadcrumbList\",\"@id\":\"https:\/\/mimofestival.com\/itabira2023\/#breadcrumb\",\"itemListElement\":[{\"@type\":\"ListItem\",\"position\":1,\"name\":\"In\u00edcio\",\"item\":\"https:\/\/mimofestival.com\/itabira2023\/\"},{\"@type\":\"ListItem\",\"position\":2,\"name\":\"In\u00edcio\"}]},{\"@type\":\"WebSite\",\"@id\":\"https:\/\/mimofestival.com\/saopaulo2023\/#website\",\"url\":\"https:\/\/mimofestival.com\/saopaulo2023\/\",\"name\":\"MIMO ITABIRA 2023\",\"description\":false,\"potentialAction\":[{\"@type\":\"SearchAction\",\"target\":{\"@type\":\"EntryPoint\",\"urlTemplate\":\"https:\/\/mimofestival.com\/saopaulo2023\/?s={search_term_string}\"},\"query-input\":\"required name=search_term_string\"}],\"inLanguage\":\"pt-BR\"}]}<\/script>\n<!-- \/ Yoast SEO plugin. -->","yoast_head_json":{"title":"MIMO ITABIRA 2023","robots":{"index":"index","follow":"follow","max-snippet":"max-snippet:-1","max-image-preview":"max-image-preview:large","max-video-preview":"max-video-preview:-1"},"canonical":"https:\/\/mimofestival.com\/itabira2023\/","og_locale":"pt_BR","og_type":"article","og_title":"MIMO ITABIRA 2023","og_url":"https:\/\/mimofestival.com\/itabira2023\/","og_site_name":"MIMO ITABIRA 2023","article_publisher":"https:\/\/www.facebook.com\/movimentomimo","article_modified_time":"2023-05-18T00:33:45+00:00","twitter_card":"summary_large_image","twitter_site":"@mimofestival","twitter_misc":{"Est. tempo de leitura":"5 minutos"},"schema":{"@context":"https:\/\/schema.org","@graph":[{"@type":"WebPage","@id":"https:\/\/mimofestival.com\/itabira2023\/","url":"https:\/\/mimofestival.com\/itabira2023\/","name":"MIMO ITABIRA 2023","isPartOf":{"@id":"https:\/\/mimofestival.com\/saopaulo2023\/#website"},"datePublished":"2016-03-17T10:44:27+00:00","dateModified":"2023-05-18T00:33:45+00:00","breadcrumb":{"@id":"https:\/\/mimofestival.com\/itabira2023\/#breadcrumb"},"inLanguage":"pt-BR","potentialAction":[{"@type":"ReadAction","target":["https:\/\/mimofestival.com\/itabira2023\/"]}]},{"@type":"BreadcrumbList","@id":"https:\/\/mimofestival.com\/itabira2023\/#breadcrumb","itemListElement":[{"@type":"ListItem","position":1,"name":"In\u00edcio","item":"https:\/\/mimofestival.com\/itabira2023\/"},{"@type":"ListItem","position":2,"name":"In\u00edcio"}]},{"@type":"WebSite","@id":"https:\/\/mimofestival.com\/saopaulo2023\/#website","url":"https:\/\/mimofestival.com\/saopaulo2023\/","name":"MIMO ITABIRA 2023","description":false,"potentialAction":[{"@type":"SearchAction","target":{"@type":"EntryPoint","urlTemplate":"https:\/\/mimofestival.com\/saopaulo2023\/?s={search_term_string}"},"query-input":"required name=search_term_string"}],"inLanguage":"pt-BR"}]}},"_links":{"self":[{"href":"https:\/\/mimofestival.com\/itabira2023\/wp-json\/wp\/v2\/pages\/4223"}],"collection":[{"href":"https:\/\/mimofestival.com\/itabira2023\/wp-json\/wp\/v2\/pages"}],"about":[{"href":"https:\/\/mimofestival.com\/itabira2023\/wp-json\/wp\/v2\/types\/page"}],"author":[{"embeddable":true,"href":"https:\/\/mimofestival.com\/itabira2023\/wp-json\/wp\/v2\/users\/2"}],"replies":[{"embeddable":true,"href":"https:\/\/mimofestival.com\/itabira2023\/wp-json\/wp\/v2\/comments?post=4223"}],"version-history":[{"count":11,"href":"https:\/\/mimofestival.com\/itabira2023\/wp-json\/wp\/v2\/pages\/4223\/revisions"}],"predecessor-version":[{"id":11894,"href":"https:\/\/mimofestival.com\/itabira2023\/wp-json\/wp\/v2\/pages\/4223\/revisions\/11894"}],"wp:attachment":[{"href":"https:\/\/mimofestival.com\/itabira2023\/wp-json\/wp\/v2\/media?parent=4223"}],"curies":[{"name":"wp","href":"https:\/\/api.w.org\/{rel}","templated":true}]}}