{"id":4217,"date":"2016-03-17T10:23:34","date_gmt":"2016-03-17T10:23:34","guid":{"rendered":"https:\/\/mimofestival.com\/itabira2023\/en\/?page_id=4217"},"modified":"2020-07-14T17:13:19","modified_gmt":"2020-07-14T20:13:19","slug":"home","status":"publish","type":"page","link":"https:\/\/mimofestival.com\/itabira2023\/en\/","title":{"rendered":"Home"},"content":{"rendered":"<p>[vc_row iron_row_type=&#8221;full_width&#8221;][vc_column][vc_column_text]<ul id=\"explore_mimo\"><li class=\"titulo\" style=\"background-color:#db9b6d\"><a href=\"https:\/\/mimofestival.com\/brasil\/en\/concerts\/\"><span>Concerts<\/span><\/a><\/li><li style=\"background-image:url()\"><a href=\"https:\/\/mimofestival.com\/brasil\/en\/concerts\/\"><\/a><\/li><li class=\"titulo\" style=\"background-color:#b47570\"><a href=\"https:\/\/mimofestival.com\/brasil\/en\/films\/\"><span>Films<\/span><\/a><\/li><li style=\"background-image:url()\"><a href=\"https:\/\/mimofestival.com\/brasil\/en\/films\/\"><\/a><\/li><li class=\"titulo\" style=\"background-color:#708eb4\"><a href=\"https:\/\/mimofestival.com\/brasil\/en\/educational-program\/\"><span>Educational Program<\/span><\/a><\/li><li style=\"background-image:url()\"><a href=\"https:\/\/mimofestival.com\/brasil\/en\/educational-program\/\"><\/a><\/li><li class=\"titulo\" style=\"background-color:#74ab98\"><a href=\"https:\/\/mimofestival.com\/brasil\/en\/ideas-forum\/\"><span>Ideas Forum<\/span><\/a><\/li><li style=\"background-image:url()\"><a href=\"https:\/\/mimofestival.com\/brasil\/en\/ideas-forum\/\"><\/a><\/li><\/ul>[\/vc_column_text][\/vc_column][\/vc_row][vc_row iron_row_type=&#8221;full_width&#8221; iron_remove_padding_medium=&#8221;tabletnopadding&#8221; iron_remove_padding_small=&#8221;mobilenopadding&#8221;][vc_column][vc_empty_space height=&#8221;70px&#8221;][vc_raw_html]JTNDZGl2JTIwc3R5bGUlM0QlMjJwb3NpdGlvbiUzQSUyMHJlbGF0aXZlJTNCd2lkdGglM0ElMjAxMDAlMjUlM0JoZWlnaHQlM0ElMjAwJTNCcGFkZGluZy1ib3R0b20lM0ElMjA0NSUyNSUzQiUyMiUzRSUzQ2lmcmFtZSUyMHNyYyUzRCUyMmh0dHBzJTNBJTJGJTJGd3d3LnlvdXR1YmUuY29tJTJGZW1iZWQlMkZNamwtM3EwWFZtWSUyMiUyMGZyYW1lYm9yZGVyJTNEJTIyMCUyMiUyMGFsbG93JTNEJTIyYWNjZWxlcm9tZXRlciUzQiUyMGF1dG9wbGF5JTNCJTIwZW5jcnlwdGVkLW1lZGlhJTNCJTIwZ3lyb3Njb3BlJTNCJTIwcGljdHVyZS1pbi1waWN0dXJlJTIyJTIwYWxsb3dmdWxsc2NyZWVuJTIwc3R5bGUlM0QlMjJwb3NpdGlvbiUzQSUyMGFic29sdXRlJTNCdG9wJTNBJTIwMCUzQmxlZnQlM0ElMjAwJTNCd2lkdGglM0ElMjAxMDAlMjUlM0JoZWlnaHQlM0ElMjAxMDAlMjUlM0IlMjIlM0UlM0MlMkZpZnJhbWUlM0UlM0MlMkZkaXYlM0U=[\/vc_raw_html][vc_empty_space height=&#8221;70px&#8221;][\/vc_column][\/vc_row][vc_row iron_row_type=&#8221;full_width&#8221; iron_remove_padding_medium=&#8221;tabletnopadding&#8221; iron_remove_padding_small=&#8221;mobilenopadding&#8221;][vc_column][vc_column_text el_class=&#8221;noticias&#8221;]<span class=\"titleLabel\"><b>News<\/b><\/span><article>\r\n\t\t\t\t\t\t\t<\/article><article>\r\n\t\t\t\t\t\t\t<\/article><article>\r\n\t\t\t\t\t\t\t<\/article>[\/vc_column_text][\/vc_column][\/vc_row][vc_row iron_row_type=&#8221;full_width&#8221; css=&#8221;.vc_custom_1550165611573{background-color: #662483 !important;}&#8221; el_class=&#8221;hidden&#8221;][vc_column][vc_column_text el_class=&#8221;programacao-completa&#8221;]<\/p>\n<h1 style=\"text-align: center;\">FALTAM QUANTOS <strong>DIAS<\/strong> PARA O <strong>MIMO Festival<\/strong>?<br \/>\n<strong>0<\/strong> RIO DE JANEIRO e\u00a0<strong>0<\/strong> S\u00c3O PAULO<\/h1>\n<p>[\/vc_column_text][\/vc_column][\/vc_row][vc_row iron_row_type=&#8221;full_width&#8221;][vc_column][vc_raw_html]JTNDaWZyYW1lJTIwc3JjJTNEJTIyaHR0cHMlM0ElMkYlMkZvcGVuLnNwb3RpZnkuY29tJTJGZW1iZWQlMkZ1c2VyJTJGcmFkaW9taW1vJTJGcGxheWxpc3QlMkYyNmpQbzBpbHNmWWhYcXpvdktYOXVzJTIyJTIwd2lkdGglM0QlMjIxMDAlMjUlMjIlMjBoZWlnaHQlM0QlMjIyODAlMjIlMjBmcmFtZWJvcmRlciUzRCUyMjAlMjIlMjBhbGxvd3RyYW5zcGFyZW5jeSUzRCUyMnRydWUlMjIlMjBhbGxvdyUzRCUyMmVuY3J5cHRlZC1tZWRpYSUyMiUzRSUzQyUyRmlmcmFtZSUzRQ==[\/vc_raw_html][\/vc_column][\/vc_row]<\/p>\n","protected":false},"excerpt":{"rendered":"Por Deborah Dumar Fotos: Beto Figueiroa Express\u00e3o mais radical do Tropicalismo, do qual \u00e9 um dos fundadores, o original\u00edssimo artista brasileiro \u00e9 homenageado pelo MIMO Festival Amarante, na primeira edi\u00e7\u00e3o internacional do festival. Ele far\u00e1 o show de abertura no dia 15 de julho, no Parque Ribeirinho, \u00e0s 23h, com entrada franca. Dono de uma vitalidade surpreendente \u2013 ele completar\u00e1 80 anos no dia 11 de outubro - est\u00e1 sempre se reinventando, atento \u00e0s novidades \u201cA gente deve ouvir tudo\u201d [...]","protected":false},"author":2,"featured_media":0,"parent":0,"menu_order":31,"comment_status":"closed","ping_status":"closed","template":"","meta":[],"yoast_head":"<!-- This site is optimized with the Yoast SEO plugin v20.7 - https:\/\/yoast.com\/wordpress\/plugins\/seo\/ -->\n<title>MIMO ITABIRA 2023<\/title>\n<meta name=\"description\" content=\"Since 2004, MIMO is one of the largest free festivals in Brazil. Held in historic cities, its pillars are music, heritage, film and education.\" \/>\n<meta name=\"robots\" content=\"index, follow, max-snippet:-1, max-image-preview:large, max-video-preview:-1\" \/>\n<link rel=\"canonical\" href=\"https:\/\/mimofestival.com\/saopaulo2023\/en\/\" \/>\n<meta property=\"og:locale\" content=\"en_US\" \/>\n<meta property=\"og:type\" content=\"article\" \/>\n<meta property=\"og:title\" content=\"MIMO ITABIRA 2023\" \/>\n<meta property=\"og:description\" content=\"Since 2004, MIMO is one of the largest free festivals in Brazil. Held in historic cities, its pillars are music, heritage, film and education.\" \/>\n<meta property=\"og:url\" content=\"https:\/\/mimofestival.com\/saopaulo2023\/en\/\" \/>\n<meta property=\"og:site_name\" content=\"MIMO ITABIRA 2023\" \/>\n<meta property=\"article:publisher\" content=\"https:\/\/www.facebook.com\/movimentomimo\" \/>\n<meta property=\"article:modified_time\" content=\"2020-07-14T20:13:19+00:00\" \/>\n<meta name=\"twitter:card\" content=\"summary_large_image\" \/>\n<meta name=\"twitter:site\" content=\"@mimofestival\" \/>\n<meta name=\"twitter:label1\" content=\"Est. reading time\" \/>\n\t<meta name=\"twitter:data1\" content=\"1 minute\" \/>\n<script type=\"application\/ld+json\" class=\"yoast-schema-graph\">{\"@context\":\"https:\/\/schema.org\",\"@graph\":[{\"@type\":\"WebPage\",\"@id\":\"https:\/\/mimofestival.com\/saopaulo2023\/en\/\",\"url\":\"https:\/\/mimofestival.com\/saopaulo2023\/en\/\",\"name\":\"MIMO ITABIRA 2023\",\"isPartOf\":{\"@id\":\"https:\/\/mimofestival.com\/saopaulo2023\/#website\"},\"datePublished\":\"2016-03-17T10:23:34+00:00\",\"dateModified\":\"2020-07-14T20:13:19+00:00\",\"description\":\"Since 2004, MIMO is one of the largest free festivals in Brazil. Held in historic cities, its pillars are music, heritage, film and education.\",\"breadcrumb\":{\"@id\":\"https:\/\/mimofestival.com\/saopaulo2023\/en\/#breadcrumb\"},\"inLanguage\":\"en-US\",\"potentialAction\":[{\"@type\":\"ReadAction\",\"target\":[\"https:\/\/mimofestival.com\/saopaulo2023\/en\/\"]}]},{\"@type\":\"BreadcrumbList\",\"@id\":\"https:\/\/mimofestival.com\/saopaulo2023\/en\/#breadcrumb\",\"itemListElement\":[{\"@type\":\"ListItem\",\"position\":1,\"name\":\"In\u00edcio\",\"item\":\"https:\/\/mimofestival.com\/saopaulo2023\/en\/\"},{\"@type\":\"ListItem\",\"position\":2,\"name\":\"Home\"}]},{\"@type\":\"WebSite\",\"@id\":\"https:\/\/mimofestival.com\/saopaulo2023\/#website\",\"url\":\"https:\/\/mimofestival.com\/saopaulo2023\/\",\"name\":\"MIMO ITABIRA 2023\",\"description\":false,\"potentialAction\":[{\"@type\":\"SearchAction\",\"target\":{\"@type\":\"EntryPoint\",\"urlTemplate\":\"https:\/\/mimofestival.com\/saopaulo2023\/?s={search_term_string}\"},\"query-input\":\"required name=search_term_string\"}],\"inLanguage\":\"en-US\"}]}<\/script>\n<!-- \/ Yoast SEO plugin. -->","yoast_head_json":{"title":"MIMO ITABIRA 2023","description":"Since 2004, MIMO is one of the largest free festivals in Brazil. Held in historic cities, its pillars are music, heritage, film and education.","robots":{"index":"index","follow":"follow","max-snippet":"max-snippet:-1","max-image-preview":"max-image-preview:large","max-video-preview":"max-video-preview:-1"},"canonical":"https:\/\/mimofestival.com\/saopaulo2023\/en\/","og_locale":"en_US","og_type":"article","og_title":"MIMO ITABIRA 2023","og_description":"Since 2004, MIMO is one of the largest free festivals in Brazil. Held in historic cities, its pillars are music, heritage, film and education.","og_url":"https:\/\/mimofestival.com\/saopaulo2023\/en\/","og_site_name":"MIMO ITABIRA 2023","article_publisher":"https:\/\/www.facebook.com\/movimentomimo","article_modified_time":"2020-07-14T20:13:19+00:00","twitter_card":"summary_large_image","twitter_site":"@mimofestival","twitter_misc":{"Est. reading time":"1 minute"},"schema":{"@context":"https:\/\/schema.org","@graph":[{"@type":"WebPage","@id":"https:\/\/mimofestival.com\/saopaulo2023\/en\/","url":"https:\/\/mimofestival.com\/saopaulo2023\/en\/","name":"MIMO ITABIRA 2023","isPartOf":{"@id":"https:\/\/mimofestival.com\/saopaulo2023\/#website"},"datePublished":"2016-03-17T10:23:34+00:00","dateModified":"2020-07-14T20:13:19+00:00","description":"Since 2004, MIMO is one of the largest free festivals in Brazil. Held in historic cities, its pillars are music, heritage, film and education.","breadcrumb":{"@id":"https:\/\/mimofestival.com\/saopaulo2023\/en\/#breadcrumb"},"inLanguage":"en-US","potentialAction":[{"@type":"ReadAction","target":["https:\/\/mimofestival.com\/saopaulo2023\/en\/"]}]},{"@type":"BreadcrumbList","@id":"https:\/\/mimofestival.com\/saopaulo2023\/en\/#breadcrumb","itemListElement":[{"@type":"ListItem","position":1,"name":"In\u00edcio","item":"https:\/\/mimofestival.com\/saopaulo2023\/en\/"},{"@type":"ListItem","position":2,"name":"Home"}]},{"@type":"WebSite","@id":"https:\/\/mimofestival.com\/saopaulo2023\/#website","url":"https:\/\/mimofestival.com\/saopaulo2023\/","name":"MIMO ITABIRA 2023","description":false,"potentialAction":[{"@type":"SearchAction","target":{"@type":"EntryPoint","urlTemplate":"https:\/\/mimofestival.com\/saopaulo2023\/?s={search_term_string}"},"query-input":"required name=search_term_string"}],"inLanguage":"en-US"}]}},"_links":{"self":[{"href":"https:\/\/mimofestival.com\/itabira2023\/en\/wp-json\/wp\/v2\/pages\/4217"}],"collection":[{"href":"https:\/\/mimofestival.com\/itabira2023\/en\/wp-json\/wp\/v2\/pages"}],"about":[{"href":"https:\/\/mimofestival.com\/itabira2023\/en\/wp-json\/wp\/v2\/types\/page"}],"author":[{"embeddable":true,"href":"https:\/\/mimofestival.com\/itabira2023\/en\/wp-json\/wp\/v2\/users\/2"}],"replies":[{"embeddable":true,"href":"https:\/\/mimofestival.com\/itabira2023\/en\/wp-json\/wp\/v2\/comments?post=4217"}],"version-history":[{"count":8,"href":"https:\/\/mimofestival.com\/itabira2023\/en\/wp-json\/wp\/v2\/pages\/4217\/revisions"}],"predecessor-version":[{"id":11471,"href":"https:\/\/mimofestival.com\/itabira2023\/en\/wp-json\/wp\/v2\/pages\/4217\/revisions\/11471"}],"wp:attachment":[{"href":"https:\/\/mimofestival.com\/itabira2023\/en\/wp-json\/wp\/v2\/media?parent=4217"}],"curies":[{"name":"wp","href":"https:\/\/api.w.org\/{rel}","templated":true}]}}